{"id":8135,"date":"2025-05-16T11:08:22","date_gmt":"2025-05-16T11:08:22","guid":{"rendered":"https:\/\/dev.jacli.it\/?post_type=product&#038;p=8135"},"modified":"2025-05-20T08:16:20","modified_gmt":"2025-05-20T08:16:20","slug":"getrocknetes-zitronenschalenpulver","status":"publish","type":"product","link":"https:\/\/dev.jacli.it\/de\/liquore-siciliano\/getrocknetes-zitronenschalenpulver\/","title":{"rendered":"Getrocknetes Zitronenschalenpulver"},"content":{"rendered":"<p><span style=\"font-weight: 400;\">Intensives Zitrusaroma jederzeit griffbereit<\/span><\/p>\n","protected":false},"excerpt":{"rendered":"<p><span style=\"font-weight: 400;\"><strong>Zutaten<\/strong>: 100 % getrocknete Zitronenschale.<\/span><\/p>\n<p><strong>Nettof\u00fcllmenge<\/strong>: 35g.<\/p>\n<p><span style=\"font-weight: 400;\">Die Schale wird bei niedriger Temperatur getrocknet und fein vermahlen, um \u00e4therische \u00d6le, Aromen und ihre nat\u00fcrliche Farbe zu bewahren \u2013 ohne Zusatzstoffe oder Zuckerzusatz.<\/span><\/p>\n<p><span style=\"font-weight: 400;\">Nach dem Gebrauch gut verschlie\u00dfen. K\u00fchl, trocken und lichtgesch\u00fctzt aufbewahren. Mindestens haltbar bis zum angegebenen Datum.<\/span><\/p>\n","protected":false},"featured_media":8096,"template":"","meta":{"_acf_changed":false},"product_brand":[],"product_cat":[80],"product_tag":[81],"class_list":{"0":"post-8135","1":"product","2":"type-product","3":"status-publish","4":"has-post-thumbnail","6":"product_cat-getrocknet","7":"product_tag-disidratati-de","9":"first","10":"instock","11":"shipping-taxable","12":"purchasable","13":"product-type-simple"},"acf":[],"yoast_head":"<!-- This site is optimized with the Yoast SEO plugin v27.4 - https:\/\/yoast.com\/product\/yoast-seo-wordpress\/ -->\n<title>Getrocknetes Zitronenschalenpulver | Jacli - Liquorificio Artigianale<\/title>\n<meta name=\"robots\" content=\"noindex, follow, max-snippet:-1, max-image-preview:large, max-video-preview:-1\" \/>\n<meta property=\"og:locale\" content=\"de_DE\" \/>\n<meta property=\"og:type\" content=\"article\" \/>\n<meta property=\"og:title\" content=\"Getrocknetes Zitronenschalenpulver | Jacli - Liquorificio Artigianale\" \/>\n<meta property=\"og:description\" content=\"Zutaten: 100 % getrocknete Zitronenschale. Nettof\u00fcllmenge: 35g. Die Schale wird bei niedriger Temperatur getrocknet und fein vermahlen, um \u00e4therische \u00d6le, Aromen und ihre nat\u00fcrliche Farbe zu bewahren \u2013 ohne Zusatzstoffe oder Zuckerzusatz. Nach dem Gebrauch gut verschlie\u00dfen. K\u00fchl, trocken und lichtgesch\u00fctzt aufbewahren. Mindestens haltbar bis zum angegebenen Datum.\" \/>\n<meta property=\"og:url\" content=\"https:\/\/dev.jacli.it\/de\/liquore-siciliano\/getrocknetes-zitronenschalenpulver\/\" \/>\n<meta property=\"og:site_name\" content=\"Jacli - Liquorificio Artigianale\" \/>\n<meta property=\"article:publisher\" content=\"https:\/\/www.facebook.com\/Jacli.Liquori\" \/>\n<meta property=\"article:modified_time\" content=\"2025-05-20T08:16:20+00:00\" \/>\n<meta property=\"og:image\" content=\"https:\/\/dev.jacli.it\/wp-content\/uploads\/2025\/05\/Limone_Polvere_Barattolo_Frontale-copia.webp\" \/>\n\t<meta property=\"og:image:width\" content=\"1200\" \/>\n\t<meta property=\"og:image:height\" content=\"1200\" \/>\n\t<meta property=\"og:image:type\" content=\"image\/webp\" \/>\n<meta name=\"twitter:card\" content=\"summary_large_image\" \/>\n<meta name=\"twitter:label1\" content=\"Gesch\u00e4tzte Lesezeit\" \/>\n\t<meta name=\"twitter:data1\" content=\"1\u00a0Minute\" \/>\n<script type=\"application\/ld+json\" class=\"yoast-schema-graph\">{\"@context\":\"https:\\\/\\\/schema.org\",\"@graph\":[{\"@type\":\"WebPage\",\"@id\":\"https:\\\/\\\/dev.jacli.it\\\/de\\\/liquore-siciliano\\\/getrocknetes-zitronenschalenpulver\\\/\",\"url\":\"https:\\\/\\\/dev.jacli.it\\\/de\\\/liquore-siciliano\\\/getrocknetes-zitronenschalenpulver\\\/\",\"name\":\"Getrocknetes Zitronenschalenpulver | Jacli - Liquorificio Artigianale\",\"isPartOf\":{\"@id\":\"https:\\\/\\\/dev.jacli.it\\\/de\\\/#website\"},\"primaryImageOfPage\":{\"@id\":\"https:\\\/\\\/dev.jacli.it\\\/de\\\/liquore-siciliano\\\/getrocknetes-zitronenschalenpulver\\\/#primaryimage\"},\"image\":{\"@id\":\"https:\\\/\\\/dev.jacli.it\\\/de\\\/liquore-siciliano\\\/getrocknetes-zitronenschalenpulver\\\/#primaryimage\"},\"thumbnailUrl\":\"https:\\\/\\\/dev.jacli.it\\\/wp-content\\\/uploads\\\/2025\\\/05\\\/Limone_Polvere_Barattolo_Frontale-copia.webp\",\"datePublished\":\"2025-05-16T11:08:22+00:00\",\"dateModified\":\"2025-05-20T08:16:20+00:00\",\"breadcrumb\":{\"@id\":\"https:\\\/\\\/dev.jacli.it\\\/de\\\/liquore-siciliano\\\/getrocknetes-zitronenschalenpulver\\\/#breadcrumb\"},\"inLanguage\":\"de\",\"potentialAction\":[{\"@type\":\"ReadAction\",\"target\":[\"https:\\\/\\\/dev.jacli.it\\\/de\\\/liquore-siciliano\\\/getrocknetes-zitronenschalenpulver\\\/\"]}]},{\"@type\":\"ImageObject\",\"inLanguage\":\"de\",\"@id\":\"https:\\\/\\\/dev.jacli.it\\\/de\\\/liquore-siciliano\\\/getrocknetes-zitronenschalenpulver\\\/#primaryimage\",\"url\":\"https:\\\/\\\/dev.jacli.it\\\/wp-content\\\/uploads\\\/2025\\\/05\\\/Limone_Polvere_Barattolo_Frontale-copia.webp\",\"contentUrl\":\"https:\\\/\\\/dev.jacli.it\\\/wp-content\\\/uploads\\\/2025\\\/05\\\/Limone_Polvere_Barattolo_Frontale-copia.webp\",\"width\":1200,\"height\":1200},{\"@type\":\"BreadcrumbList\",\"@id\":\"https:\\\/\\\/dev.jacli.it\\\/de\\\/liquore-siciliano\\\/getrocknetes-zitronenschalenpulver\\\/#breadcrumb\",\"itemListElement\":[{\"@type\":\"ListItem\",\"position\":1,\"name\":\"Home\",\"item\":\"https:\\\/\\\/dev.jacli.it\\\/de\\\/\"},{\"@type\":\"ListItem\",\"position\":2,\"name\":\"Lik\u00f6rprodukte\",\"item\":\"https:\\\/\\\/dev.jacli.it\\\/de\\\/sizilianische-likoerprodukte\\\/\"},{\"@type\":\"ListItem\",\"position\":3,\"name\":\"Getrocknetes Zitronenschalenpulver\"}]},{\"@type\":\"WebSite\",\"@id\":\"https:\\\/\\\/dev.jacli.it\\\/de\\\/#website\",\"url\":\"https:\\\/\\\/dev.jacli.it\\\/de\\\/\",\"name\":\"Jacli - Liquorificio Artigianale\",\"description\":\"\",\"publisher\":{\"@id\":\"https:\\\/\\\/dev.jacli.it\\\/de\\\/#organization\"},\"alternateName\":\"Jacli\",\"potentialAction\":[{\"@type\":\"SearchAction\",\"target\":{\"@type\":\"EntryPoint\",\"urlTemplate\":\"https:\\\/\\\/dev.jacli.it\\\/de\\\/?s={search_term_string}\"},\"query-input\":{\"@type\":\"PropertyValueSpecification\",\"valueRequired\":true,\"valueName\":\"search_term_string\"}}],\"inLanguage\":\"de\"},{\"@type\":\"Organization\",\"@id\":\"https:\\\/\\\/dev.jacli.it\\\/de\\\/#organization\",\"name\":\"Jacli - Liquorificio Artigianale\",\"alternateName\":\"Jacli\",\"url\":\"https:\\\/\\\/dev.jacli.it\\\/de\\\/\",\"logo\":{\"@type\":\"ImageObject\",\"inLanguage\":\"de\",\"@id\":\"https:\\\/\\\/dev.jacli.it\\\/de\\\/#\\\/schema\\\/logo\\\/image\\\/\",\"url\":\"https:\\\/\\\/dev.jacli.it\\\/wp-content\\\/uploads\\\/2022\\\/11\\\/JACLI_LOGO.png\",\"contentUrl\":\"https:\\\/\\\/dev.jacli.it\\\/wp-content\\\/uploads\\\/2022\\\/11\\\/JACLI_LOGO.png\",\"width\":350,\"height\":350,\"caption\":\"Jacli - Liquorificio Artigianale\"},\"image\":{\"@id\":\"https:\\\/\\\/dev.jacli.it\\\/de\\\/#\\\/schema\\\/logo\\\/image\\\/\"},\"sameAs\":[\"https:\\\/\\\/www.facebook.com\\\/Jacli.Liquori\",\"https:\\\/\\\/www.instagram.com\\\/jacli_liquori\\\/\"]}]}<\/script>\n<!-- \/ Yoast SEO plugin. -->","yoast_head_json":{"title":"Getrocknetes Zitronenschalenpulver | Jacli - Liquorificio Artigianale","robots":{"index":"noindex","follow":"follow","max-snippet":"max-snippet:-1","max-image-preview":"max-image-preview:large","max-video-preview":"max-video-preview:-1"},"og_locale":"de_DE","og_type":"article","og_title":"Getrocknetes Zitronenschalenpulver | Jacli - Liquorificio Artigianale","og_description":"Zutaten: 100 % getrocknete Zitronenschale. Nettof\u00fcllmenge: 35g. Die Schale wird bei niedriger Temperatur getrocknet und fein vermahlen, um \u00e4therische \u00d6le, Aromen und ihre nat\u00fcrliche Farbe zu bewahren \u2013 ohne Zusatzstoffe oder Zuckerzusatz. Nach dem Gebrauch gut verschlie\u00dfen. K\u00fchl, trocken und lichtgesch\u00fctzt aufbewahren. Mindestens haltbar bis zum angegebenen Datum.","og_url":"https:\/\/dev.jacli.it\/de\/liquore-siciliano\/getrocknetes-zitronenschalenpulver\/","og_site_name":"Jacli - Liquorificio Artigianale","article_publisher":"https:\/\/www.facebook.com\/Jacli.Liquori","article_modified_time":"2025-05-20T08:16:20+00:00","og_image":[{"width":1200,"height":1200,"url":"https:\/\/dev.jacli.it\/wp-content\/uploads\/2025\/05\/Limone_Polvere_Barattolo_Frontale-copia.webp","type":"image\/webp"}],"twitter_card":"summary_large_image","twitter_misc":{"Gesch\u00e4tzte Lesezeit":"1\u00a0Minute"},"schema":{"@context":"https:\/\/schema.org","@graph":[{"@type":"WebPage","@id":"https:\/\/dev.jacli.it\/de\/liquore-siciliano\/getrocknetes-zitronenschalenpulver\/","url":"https:\/\/dev.jacli.it\/de\/liquore-siciliano\/getrocknetes-zitronenschalenpulver\/","name":"Getrocknetes Zitronenschalenpulver | Jacli - Liquorificio Artigianale","isPartOf":{"@id":"https:\/\/dev.jacli.it\/de\/#website"},"primaryImageOfPage":{"@id":"https:\/\/dev.jacli.it\/de\/liquore-siciliano\/getrocknetes-zitronenschalenpulver\/#primaryimage"},"image":{"@id":"https:\/\/dev.jacli.it\/de\/liquore-siciliano\/getrocknetes-zitronenschalenpulver\/#primaryimage"},"thumbnailUrl":"https:\/\/dev.jacli.it\/wp-content\/uploads\/2025\/05\/Limone_Polvere_Barattolo_Frontale-copia.webp","datePublished":"2025-05-16T11:08:22+00:00","dateModified":"2025-05-20T08:16:20+00:00","breadcrumb":{"@id":"https:\/\/dev.jacli.it\/de\/liquore-siciliano\/getrocknetes-zitronenschalenpulver\/#breadcrumb"},"inLanguage":"de","potentialAction":[{"@type":"ReadAction","target":["https:\/\/dev.jacli.it\/de\/liquore-siciliano\/getrocknetes-zitronenschalenpulver\/"]}]},{"@type":"ImageObject","inLanguage":"de","@id":"https:\/\/dev.jacli.it\/de\/liquore-siciliano\/getrocknetes-zitronenschalenpulver\/#primaryimage","url":"https:\/\/dev.jacli.it\/wp-content\/uploads\/2025\/05\/Limone_Polvere_Barattolo_Frontale-copia.webp","contentUrl":"https:\/\/dev.jacli.it\/wp-content\/uploads\/2025\/05\/Limone_Polvere_Barattolo_Frontale-copia.webp","width":1200,"height":1200},{"@type":"BreadcrumbList","@id":"https:\/\/dev.jacli.it\/de\/liquore-siciliano\/getrocknetes-zitronenschalenpulver\/#breadcrumb","itemListElement":[{"@type":"ListItem","position":1,"name":"Home","item":"https:\/\/dev.jacli.it\/de\/"},{"@type":"ListItem","position":2,"name":"Lik\u00f6rprodukte","item":"https:\/\/dev.jacli.it\/de\/sizilianische-likoerprodukte\/"},{"@type":"ListItem","position":3,"name":"Getrocknetes Zitronenschalenpulver"}]},{"@type":"WebSite","@id":"https:\/\/dev.jacli.it\/de\/#website","url":"https:\/\/dev.jacli.it\/de\/","name":"Jacli - Liquorificio Artigianale","description":"","publisher":{"@id":"https:\/\/dev.jacli.it\/de\/#organization"},"alternateName":"Jacli","potentialAction":[{"@type":"SearchAction","target":{"@type":"EntryPoint","urlTemplate":"https:\/\/dev.jacli.it\/de\/?s={search_term_string}"},"query-input":{"@type":"PropertyValueSpecification","valueRequired":true,"valueName":"search_term_string"}}],"inLanguage":"de"},{"@type":"Organization","@id":"https:\/\/dev.jacli.it\/de\/#organization","name":"Jacli - Liquorificio Artigianale","alternateName":"Jacli","url":"https:\/\/dev.jacli.it\/de\/","logo":{"@type":"ImageObject","inLanguage":"de","@id":"https:\/\/dev.jacli.it\/de\/#\/schema\/logo\/image\/","url":"https:\/\/dev.jacli.it\/wp-content\/uploads\/2022\/11\/JACLI_LOGO.png","contentUrl":"https:\/\/dev.jacli.it\/wp-content\/uploads\/2022\/11\/JACLI_LOGO.png","width":350,"height":350,"caption":"Jacli - Liquorificio Artigianale"},"image":{"@id":"https:\/\/dev.jacli.it\/de\/#\/schema\/logo\/image\/"},"sameAs":["https:\/\/www.facebook.com\/Jacli.Liquori","https:\/\/www.instagram.com\/jacli_liquori\/"]}]}},"tiered_pricing_type":"fixed","tiered_pricing_fixed_rules":{"2":12.9,"4":10.9,"6":8.9},"tiered_pricing_product_settings":{"layout":"default","base_unit_name":{"singular":null,"plural":null},"default_variation":null},"tiered_pricing_minimum_quantity":null,"tiered_pricing_roles_data":[],"tiered_pricing_percentage_rules":[],"_links":{"self":[{"href":"https:\/\/dev.jacli.it\/de\/wp-json\/wp\/v2\/product\/8135","targetHints":{"allow":["GET"]}}],"collection":[{"href":"https:\/\/dev.jacli.it\/de\/wp-json\/wp\/v2\/product"}],"about":[{"href":"https:\/\/dev.jacli.it\/de\/wp-json\/wp\/v2\/types\/product"}],"wp:featuredmedia":[{"embeddable":true,"href":"https:\/\/dev.jacli.it\/de\/wp-json\/wp\/v2\/media\/8096"}],"wp:attachment":[{"href":"https:\/\/dev.jacli.it\/de\/wp-json\/wp\/v2\/media?parent=8135"}],"wp:term":[{"taxonomy":"product_brand","embeddable":true,"href":"https:\/\/dev.jacli.it\/de\/wp-json\/wp\/v2\/product_brand?post=8135"},{"taxonomy":"product_cat","embeddable":true,"href":"https:\/\/dev.jacli.it\/de\/wp-json\/wp\/v2\/product_cat?post=8135"},{"taxonomy":"product_tag","embeddable":true,"href":"https:\/\/dev.jacli.it\/de\/wp-json\/wp\/v2\/product_tag?post=8135"}],"curies":[{"name":"wp","href":"https:\/\/api.w.org\/{rel}","templated":true}]}}